{"id":105,"date":"2022-09-17T12:16:39","date_gmt":"2022-09-17T10:16:39","guid":{"rendered":"https:\/\/akswataha.pl\/index.php\/our-services\/"},"modified":"2026-01-07T16:34:08","modified_gmt":"2026-01-07T15:34:08","slug":"forum","status":"publish","type":"page","link":"https:\/\/akswataha.pl\/index.php\/forum\/","title":{"rendered":"Forum"},"content":{"rendered":"\t\t<div data-elementor-type=\"wp-page\" data-elementor-id=\"105\" class=\"elementor elementor-105\">\n\t\t\t\t\t\t<section class=\"elementor-section elementor-top-section elementor-element elementor-element-6819d11 elementor-section-boxed elementor-section-height-default elementor-section-height-default\" data-id=\"6819d11\" data-element_type=\"section\">\n\t\t\t\t\t\t<div class=\"elementor-container elementor-column-gap-default\">\n\t\t\t\t\t<div class=\"elementor-column elementor-col-100 elementor-top-column elementor-element elementor-element-ac00414\" data-id=\"ac00414\" data-element_type=\"column\">\n\t\t\t<div class=\"elementor-widget-wrap elementor-element-populated\">\n\t\t\t\t\t\t<div class=\"elementor-element elementor-element-dafef9a elementor-widget elementor-widget-heading\" data-id=\"dafef9a\" data-element_type=\"widget\" data-widget_type=\"heading.default\">\n\t\t\t\t<div class=\"elementor-widget-container\">\n\t\t\t\t\t<h2 class=\"elementor-heading-title elementor-size-default\">Dla klubowicz\u00f3w<\/h2>\t\t\t\t<\/div>\n\t\t\t\t<\/div>\n\t\t\t\t\t<\/div>\n\t\t<\/div>\n\t\t\t\t\t<\/div>\n\t\t<\/section>\n\t\t\t\t<section class=\"elementor-section elementor-top-section elementor-element elementor-element-2629587 elementor-section-boxed elementor-section-height-default elementor-section-height-default\" data-id=\"2629587\" data-element_type=\"section\">\n\t\t\t\t\t\t<div class=\"elementor-container elementor-column-gap-default\">\n\t\t\t\t\t<div class=\"elementor-column elementor-col-100 elementor-top-column elementor-element elementor-element-a8d7a3f\" data-id=\"a8d7a3f\" data-element_type=\"column\">\n\t\t\t<div class=\"elementor-widget-wrap\">\n\t\t\t\t\t\t\t<\/div>\n\t\t<\/div>\n\t\t\t\t\t<\/div>\n\t\t<\/section>\n\t\t\t\t<section class=\"elementor-section elementor-top-section elementor-element elementor-element-3dfa7b0 elementor-section-boxed elementor-section-height-default elementor-section-height-default\" data-id=\"3dfa7b0\" data-element_type=\"section\" data-settings=\"{&quot;background_background&quot;:&quot;slideshow&quot;,&quot;background_slideshow_gallery&quot;:[{&quot;id&quot;:113,&quot;url&quot;:&quot;https:\\\/\\\/akswataha.pl\\\/wp-content\\\/uploads\\\/2022\\\/09\\\/CTA_bg_img.jpg&quot;}],&quot;background_slideshow_loop&quot;:&quot;yes&quot;,&quot;background_slideshow_slide_duration&quot;:5000,&quot;background_slideshow_slide_transition&quot;:&quot;fade&quot;,&quot;background_slideshow_transition_duration&quot;:500}\">\n\t\t\t\t\t\t<div class=\"elementor-container elementor-column-gap-default\">\n\t\t\t\t\t<div class=\"elementor-column elementor-col-100 elementor-top-column elementor-element elementor-element-ce2ae45\" data-id=\"ce2ae45\" data-element_type=\"column\">\n\t\t\t<div class=\"elementor-widget-wrap elementor-element-populated\">\n\t\t\t\t\t\t<div class=\"elementor-element elementor-element-d3a30ae elementor-widget elementor-widget-text-editor\" data-id=\"d3a30ae\" data-element_type=\"widget\" data-widget_type=\"text-editor.default\">\n\t\t\t\t<div class=\"elementor-widget-container\">\n\t\t\t\t\t\t\t\t\t<p><div id=\"af-wrapper\"><div id=\"forum-header\"><div id=\"forum-navigation-mobile\"><a><span class=\"fas fa-bars\"><\/span>Menu<\/a><\/div><span class=\"screen-reader-text\">Nawigacja po forum<\/span><div id=\"forum-navigation\"><a class=\"home-link\" href=\"https:\/\/akswataha.pl\/index.php\/forum\" target=\"_self\">Forum<\/a><a class=\"activity-link\" href=\"https:\/\/akswataha.pl\/index.php\/forum\/activity\/\" target=\"_self\">Aktywno\u015b\u0107<\/a><a class=\"login-link\" href=\"https:\/\/akswataha.pl\/wp-login.php?redirect_to=https%3A%2F%2Fakswataha.pl%2Findex.php%2Fwp-json%2Fwp%2Fv2%2Fpages%2F105\" target=\"_self\">Logowanie<\/a><a class=\"register-link\" href=\"https:\/\/akswataha.pl\/wp-login.php?action=register\" target=\"_self\">Zarejestruj si\u0119<\/a><\/div><div id=\"forum-search\"><span class=\"search-icon fas fa-search\"><\/span><form method=\"get\" action=\"https:\/\/akswataha.pl\/index.php\/forum\/search\/\"><input name=\"keywords\" type=\"search\" placeholder=\"Szukaj ...\" value=\"\"><\/form><\/div><div class=\"clear\"><\/div><\/div><div id=\"forum-breadcrumbs\" itemscope itemtype=\"http:\/\/schema.org\/BreadcrumbList\"><span class=\"screen-reader-text\">\u015acie\u017cka forum &#8211; jeste\u015b tutaj:<\/span><span class=\"breadcrumb-icon fas fa-home\"><\/span><span itemprop=\"itemListElement\" itemscope itemtype=\"https:\/\/schema.org\/ListItem\"><a itemprop=\"item\" href=\"https:\/\/akswataha.pl\/index.php\/forum\" title=\"Forum\"><span itemprop=\"name\">Forum<\/span><\/a><meta itemprop=\"position\" content=\"1\"><\/span><span class=\"breadcrumb-icon fas fa-chevron-right separator\"><\/span><\/div><h1 class=\"main-title main-title-\">Forum<\/h1><div class=\"notice\">Tutaj nie ma jeszcze \u017cadnych kategorii!<\/div><div id=\"bottom-navigation\"><\/div><div class=\"clear\"><\/div><\/div>\u00a0<\/p>\t\t\t\t\t\t\t\t<\/div>\n\t\t\t\t<\/div>\n\t\t\t\t\t<\/div>\n\t\t<\/div>\n\t\t\t\t\t<\/div>\n\t\t<\/section>\n\t\t\t\t<\/div>\n\t\t","protected":false},"excerpt":{"rendered":"<p>Dla klubowicz\u00f3w \u00a0<\/p>\n","protected":false},"author":1,"featured_media":116,"parent":0,"menu_order":0,"comment_status":"closed","ping_status":"closed","template":"elementor_header_footer","meta":{"footnotes":""},"class_list":["post-105","page","type-page","status-publish","has-post-thumbnail","hentry"],"_links":{"self":[{"href":"https:\/\/akswataha.pl\/index.php\/wp-json\/wp\/v2\/pages\/105","targetHints":{"allow":["GET"]}}],"collection":[{"href":"https:\/\/akswataha.pl\/index.php\/wp-json\/wp\/v2\/pages"}],"about":[{"href":"https:\/\/akswataha.pl\/index.php\/wp-json\/wp\/v2\/types\/page"}],"author":[{"embeddable":true,"href":"https:\/\/akswataha.pl\/index.php\/wp-json\/wp\/v2\/users\/1"}],"replies":[{"embeddable":true,"href":"https:\/\/akswataha.pl\/index.php\/wp-json\/wp\/v2\/comments?post=105"}],"version-history":[{"count":97,"href":"https:\/\/akswataha.pl\/index.php\/wp-json\/wp\/v2\/pages\/105\/revisions"}],"predecessor-version":[{"id":3118,"href":"https:\/\/akswataha.pl\/index.php\/wp-json\/wp\/v2\/pages\/105\/revisions\/3118"}],"wp:featuredmedia":[{"embeddable":true,"href":"https:\/\/akswataha.pl\/index.php\/wp-json\/wp\/v2\/media\/116"}],"wp:attachment":[{"href":"https:\/\/akswataha.pl\/index.php\/wp-json\/wp\/v2\/media?parent=105"}],"curies":[{"name":"wp","href":"https:\/\/api.w.org\/{rel}","templated":true}]}}