{"id":281,"date":"2022-09-17T14:12:21","date_gmt":"2022-09-17T12:12:21","guid":{"rendered":"https:\/\/akswataha.pl\/?page_id=281"},"modified":"2025-09-17T22:23:00","modified_gmt":"2025-09-17T20:23:00","slug":"elementor-281","status":"publish","type":"page","link":"https:\/\/akswataha.pl\/index.php\/elementor-281\/","title":{"rendered":"Historia"},"content":{"rendered":"\t\t<div data-elementor-type=\"wp-page\" data-elementor-id=\"281\" class=\"elementor elementor-281\">\n\t\t\t\t\t\t<section class=\"elementor-section elementor-top-section elementor-element elementor-element-6b80003 elementor-section-boxed elementor-section-height-default elementor-section-height-default\" data-id=\"6b80003\" data-element_type=\"section\">\n\t\t\t\t\t\t<div class=\"elementor-container elementor-column-gap-default\">\n\t\t\t\t\t<div class=\"elementor-column elementor-col-100 elementor-top-column elementor-element elementor-element-872cf56\" data-id=\"872cf56\" data-element_type=\"column\">\n\t\t\t<div class=\"elementor-widget-wrap elementor-element-populated\">\n\t\t\t\t\t\t<div class=\"elementor-element elementor-element-c424a49 elementor-widget elementor-widget-text-editor\" data-id=\"c424a49\" data-element_type=\"widget\" data-widget_type=\"text-editor.default\">\n\t\t\t\t<div class=\"elementor-widget-container\">\n\t\t\t\t\t\t\t\t\t<h2 style=\"text-align: center;\">O klubie<\/h2>\t\t\t\t\t\t\t\t<\/div>\n\t\t\t\t<\/div>\n\t\t\t\t\t<\/div>\n\t\t<\/div>\n\t\t\t\t\t<\/div>\n\t\t<\/section>\n\t\t\t\t<section class=\"elementor-section elementor-top-section elementor-element elementor-element-0d070fd elementor-section-boxed elementor-section-height-default elementor-section-height-default\" data-id=\"0d070fd\" data-element_type=\"section\">\n\t\t\t\t\t\t<div class=\"elementor-container elementor-column-gap-default\">\n\t\t\t\t\t<div class=\"elementor-column elementor-col-100 elementor-top-column elementor-element elementor-element-cd99638\" data-id=\"cd99638\" data-element_type=\"column\">\n\t\t\t<div class=\"elementor-widget-wrap elementor-element-populated\">\n\t\t\t\t\t\t<div class=\"elementor-element elementor-element-8a83bed elementor-widget elementor-widget-text-editor\" data-id=\"8a83bed\" data-element_type=\"widget\" data-widget_type=\"text-editor.default\">\n\t\t\t\t<div class=\"elementor-widget-container\">\n\t\t\t\t\t\t\t\t\t<p><strong>Stowarzyszenie Amatorski Klub Sportowy Wataha Pabianice<\/strong> &#8220;<strong>AKS Wataha Pabianice&#8221;<\/strong> to klub biegowy, kt\u00f3ry zosta\u0142 oficjalnie za\u0142o\u017cony 1 maja 2022 roku z inicjatywy grupy przyjaci\u00f3\u0142, kt\u00f3rych po\u0142\u0105czy\u0142a wsp\u00f3lna pasj\u0105 do biegania.<\/p><p>Zacz\u0119\u0142o si\u0119 od spontanicznych trening\u00f3w, rozm\u00f3w i marze\u0144 o stworzeniu przestrzeni, w kt\u00f3rej ka\u017cdy niezale\u017cnie od wieku, poziomu zaawansowania b\u0119dzie m\u00f3g\u0142 poczu\u0107 si\u0119 cz\u0119\u015bci\u0105 sportowej spo\u0142eczno\u015bci.<\/p><p>Nasza Wataha to nie tylko grupa biegaczy, to styl \u017cycia, energia i wzajemne wsparcie. Wierzymy, \u017ce bieganie to co\u015b wi\u0119cej ni\u017c sport, to spos\u00f3b na budowanie relacji, pokonywanie w\u0142asnych barier i odkrywanie siebie na nowo.<\/p><p>Lubimy biega\u0107 po parkach, dr\u00f3\u017ckach oraz le\u015bnych duktach.<\/p><p>A tak w og\u00f3le czasami mamy \u201cparcie na szk\u0142o\u201d, to w aparacie oczywi\u015bcie\u2026 lubimy pozowa\u0107 do zdj\u0119\u0107, pokazywa\u0107 nasze treningi wszystko dla zabawy i udowodnienia, \u017ce amatorskie uprawianie sportu mo\u017cna rozpocz\u0105\u0107 w ka\u017cdym wieku.<\/p><h4><img decoding=\"async\" class=\"emoji\" role=\"img\" draggable=\"false\" src=\"https:\/\/s.w.org\/images\/core\/emoji\/16.0.1\/svg\/1f3af.svg\" alt=\"\ud83c\udfaf\" \/> Nasza misja<\/h4><p>Podstawowym celem naszej dzia\u0142alno\u015bci jest <strong>promowanie zdrowego stylu \u017cycia<\/strong> oraz <strong>rozpowszechnianie biegania<\/strong> jako formy aktywno\u015bci, kt\u00f3ra \u0142\u0105czy dobr\u0105 zabaw\u0119 z popraw\u0105 og\u00f3lnej kondycji fizycznej. Organizujemy wsp\u00f3lne treningi, wydarzenia sportowe, wyjazdy na zawody w Polsce i zagranic\u0105 oraz akcje edukacyjne i integracyjne.<\/p><h4><img decoding=\"async\" class=\"emoji\" role=\"img\" draggable=\"false\" src=\"https:\/\/s.w.org\/images\/core\/emoji\/16.0.1\/svg\/1f4ac.svg\" alt=\"\ud83d\udcac\" \/> Co nas wyr\u00f3\u017cnia?<\/h4><ul><li><p><strong>Otwarto\u015b\u0107<\/strong> \u2013 ka\u017cdy jest mile widziany, niezale\u017cnie od poziomu zaawansowania.<\/p><\/li><li><p><strong>Pasja<\/strong> \u2013 biegamy z sercem, nie tylko dla wynik\u00f3w.<\/p><\/li><li><p><strong>Spo\u0142eczno\u015b\u0107<\/strong> \u2013 wspieramy si\u0119 nawzajem, motywujemy i \u015bwi\u0119tujemy nasze ma\u0142e i du\u017ce sukcesy.<\/p><\/li><li><p><strong>Lokalno\u015b\u0107<\/strong> \u2013 dzia\u0142amy w Pabianicach i okolicach, anga\u017cuj\u0105c lokaln\u0105 spo\u0142eczno\u015b\u0107.<\/p><\/li><\/ul>\t\t\t\t\t\t\t\t<\/div>\n\t\t\t\t<\/div>\n\t\t\t\t\t<\/div>\n\t\t<\/div>\n\t\t\t\t\t<\/div>\n\t\t<\/section>\n\t\t\t\t<section class=\"elementor-section elementor-top-section elementor-element elementor-element-d8eb681 elementor-section-boxed elementor-section-height-default elementor-section-height-default\" data-id=\"d8eb681\" data-element_type=\"section\">\n\t\t\t\t\t\t<div class=\"elementor-container elementor-column-gap-default\">\n\t\t\t\t\t<div class=\"elementor-column elementor-col-100 elementor-top-column elementor-element elementor-element-ebc23a1\" data-id=\"ebc23a1\" data-element_type=\"column\">\n\t\t\t<div class=\"elementor-widget-wrap elementor-element-populated\">\n\t\t\t\t\t\t<div class=\"elementor-element elementor-element-4007c20 elementor-button-info elementor-align-center elementor-widget elementor-widget-button\" data-id=\"4007c20\" data-element_type=\"widget\" data-widget_type=\"button.default\">\n\t\t\t\t<div class=\"elementor-widget-container\">\n\t\t\t\t\t\t\t\t\t<div class=\"elementor-button-wrapper\">\n\t\t\t\t\t<a class=\"elementor-button elementor-button-link elementor-size-sm\" href=\"https:\/\/akswataha.pl\/index.php\/kontakt\/\">\n\t\t\t\t\t\t<span class=\"elementor-button-content-wrapper\">\n\t\t\t\t\t\t\t\t\t<span class=\"elementor-button-text\">Do\u0142\u0105cz do nas<\/span>\n\t\t\t\t\t<\/span>\n\t\t\t\t\t<\/a>\n\t\t\t\t<\/div>\n\t\t\t\t\t\t\t\t<\/div>\n\t\t\t\t<\/div>\n\t\t\t\t\t<\/div>\n\t\t<\/div>\n\t\t\t\t\t<\/div>\n\t\t<\/section>\n\t\t\t\t<section class=\"elementor-section elementor-top-section elementor-element elementor-element-4923fed elementor-section-boxed elementor-section-height-default elementor-section-height-default\" data-id=\"4923fed\" data-element_type=\"section\">\n\t\t\t\t\t\t<div class=\"elementor-container elementor-column-gap-default\">\n\t\t\t\t\t<div class=\"elementor-column elementor-col-100 elementor-top-column elementor-element elementor-element-4037d80\" data-id=\"4037d80\" data-element_type=\"column\">\n\t\t\t<div class=\"elementor-widget-wrap elementor-element-populated\">\n\t\t\t\t\t\t<div class=\"elementor-element elementor-element-e326a02 elementor-widget-divider--view-line elementor-widget elementor-widget-divider\" data-id=\"e326a02\" data-element_type=\"widget\" data-widget_type=\"divider.default\">\n\t\t\t\t<div class=\"elementor-widget-container\">\n\t\t\t\t\t\t\t<div class=\"elementor-divider\">\n\t\t\t<span class=\"elementor-divider-separator\">\n\t\t\t\t\t\t<\/span>\n\t\t<\/div>\n\t\t\t\t\t\t<\/div>\n\t\t\t\t<\/div>\n\t\t\t\t\t<\/div>\n\t\t<\/div>\n\t\t\t\t\t<\/div>\n\t\t<\/section>\n\t\t\t\t<\/div>\n\t\t","protected":false},"excerpt":{"rendered":"<p>O klubie Stowarzyszenie Amatorski Klub Sportowy Wataha Pabianice &#8220;AKS Wataha Pabianice&#8221; to klub biegowy, kt\u00f3ry zosta\u0142 oficjalnie za\u0142o\u017cony 1 maja 2022 roku z inicjatywy grupy przyjaci\u00f3\u0142, kt\u00f3rych po\u0142\u0105czy\u0142a wsp\u00f3lna pasj\u0105 do biegania. Zacz\u0119\u0142o si\u0119 od spontanicznych trening\u00f3w, rozm\u00f3w i marze\u0144 o stworzeniu przestrzeni, w kt\u00f3rej ka\u017cdy niezale\u017cnie od wieku, poziomu zaawansowania b\u0119dzie m\u00f3g\u0142 poczu\u0107 si\u0119 [&hellip;]<\/p>\n","protected":false},"author":1,"featured_media":0,"parent":0,"menu_order":0,"comment_status":"closed","ping_status":"closed","template":"","meta":{"footnotes":""},"class_list":["post-281","page","type-page","status-publish","hentry"],"_links":{"self":[{"href":"https:\/\/akswataha.pl\/index.php\/wp-json\/wp\/v2\/pages\/281","targetHints":{"allow":["GET"]}}],"collection":[{"href":"https:\/\/akswataha.pl\/index.php\/wp-json\/wp\/v2\/pages"}],"about":[{"href":"https:\/\/akswataha.pl\/index.php\/wp-json\/wp\/v2\/types\/page"}],"author":[{"embeddable":true,"href":"https:\/\/akswataha.pl\/index.php\/wp-json\/wp\/v2\/users\/1"}],"replies":[{"embeddable":true,"href":"https:\/\/akswataha.pl\/index.php\/wp-json\/wp\/v2\/comments?post=281"}],"version-history":[{"count":55,"href":"https:\/\/akswataha.pl\/index.php\/wp-json\/wp\/v2\/pages\/281\/revisions"}],"predecessor-version":[{"id":2542,"href":"https:\/\/akswataha.pl\/index.php\/wp-json\/wp\/v2\/pages\/281\/revisions\/2542"}],"wp:attachment":[{"href":"https:\/\/akswataha.pl\/index.php\/wp-json\/wp\/v2\/media?parent=281"}],"curies":[{"name":"wp","href":"https:\/\/api.w.org\/{rel}","templated":true}]}}