{"id":2969,"date":"2026-01-05T11:45:34","date_gmt":"2026-01-05T10:45:34","guid":{"rendered":"https:\/\/akswataha.pl\/?page_id=2969"},"modified":"2026-01-05T14:55:08","modified_gmt":"2026-01-05T13:55:08","slug":"strona-glowna","status":"publish","type":"page","link":"https:\/\/akswataha.pl\/","title":{"rendered":"Strona g\u0142\u00f3wna"},"content":{"rendered":"\t\t<div data-elementor-type=\"wp-page\" data-elementor-id=\"2969\" class=\"elementor elementor-2969\">\n\t\t\t\t\t\t<section class=\"elementor-section elementor-top-section elementor-element elementor-element-16e6b7a elementor-section-boxed elementor-section-height-default elementor-section-height-default\" data-id=\"16e6b7a\" data-element_type=\"section\">\n\t\t\t\t\t\t<div class=\"elementor-container elementor-column-gap-default\">\n\t\t\t\t\t<div class=\"elementor-column elementor-col-100 elementor-top-column elementor-element elementor-element-1d62c08\" data-id=\"1d62c08\" data-element_type=\"column\">\n\t\t\t<div class=\"elementor-widget-wrap elementor-element-populated\">\n\t\t\t\t\t\t<div class=\"elementor-element elementor-element-ec45f85 elementor-widget elementor-widget-heading\" data-id=\"ec45f85\" data-element_type=\"widget\" data-widget_type=\"heading.default\">\n\t\t\t\t<div class=\"elementor-widget-container\">\n\t\t\t\t\t<h2 class=\"elementor-heading-title elementor-size-default\">Klub, kt\u00f3ry nap\u0119dza do dzia\u0142ania.<\/h2>\t\t\t\t<\/div>\n\t\t\t\t<\/div>\n\t\t\t\t\t<\/div>\n\t\t<\/div>\n\t\t\t\t\t<\/div>\n\t\t<\/section>\n\t\t\t\t<section class=\"elementor-section elementor-top-section elementor-element elementor-element-ff1305f elementor-section-boxed elementor-section-height-default elementor-section-height-default\" data-id=\"ff1305f\" data-element_type=\"section\">\n\t\t\t\t\t\t<div class=\"elementor-container elementor-column-gap-default\">\n\t\t\t\t\t<div class=\"elementor-column elementor-col-100 elementor-top-column elementor-element elementor-element-40b31cb\" data-id=\"40b31cb\" data-element_type=\"column\">\n\t\t\t<div class=\"elementor-widget-wrap elementor-element-populated\">\n\t\t\t\t\t\t<div class=\"elementor-element elementor-element-42b4163 elementor-invisible elementor-widget elementor-widget-text-editor\" data-id=\"42b4163\" data-element_type=\"widget\" data-settings=\"{&quot;_animation&quot;:&quot;fadeIn&quot;}\" data-widget_type=\"text-editor.default\">\n\t\t\t\t<div class=\"elementor-widget-container\">\n\t\t\t\t\t\t\t\t\t<p><strong>Do\u0142\u0105cz do klubu, kt\u00f3ry motywuje, wspiera i pomaga przekracza\u0107 w\u0142asne granice.<\/strong><\/p>\t\t\t\t\t\t\t\t<\/div>\n\t\t\t\t<\/div>\n\t\t\t\t\t<\/div>\n\t\t<\/div>\n\t\t\t\t\t<\/div>\n\t\t<\/section>\n\t\t\t\t<section class=\"elementor-section elementor-top-section elementor-element elementor-element-fc11250 elementor-section-boxed elementor-section-height-default elementor-section-height-default\" data-id=\"fc11250\" data-element_type=\"section\">\n\t\t\t\t\t\t<div class=\"elementor-container elementor-column-gap-default\">\n\t\t\t\t\t<div class=\"elementor-column elementor-col-100 elementor-top-column elementor-element elementor-element-7110460\" data-id=\"7110460\" data-element_type=\"column\">\n\t\t\t<div class=\"elementor-widget-wrap elementor-element-populated\">\n\t\t\t\t\t\t<div class=\"elementor-element elementor-element-e7ae82a elementor-invisible elementor-widget elementor-widget-text-editor\" data-id=\"e7ae82a\" data-element_type=\"widget\" data-settings=\"{&quot;_animation&quot;:&quot;zoomIn&quot;}\" data-widget_type=\"text-editor.default\">\n\t\t\t\t<div class=\"elementor-widget-container\">\n\t\t\t\t\t\t\t\t\t<p>\u201eJedyn\u0105 osob\u0105, kt\u00f3ra mo\u017ce ci\u0119 zmotywowa\u0107 jeste\u015b ty sam!<\/p>\t\t\t\t\t\t\t\t<\/div>\n\t\t\t\t<\/div>\n\t\t\t\t\t<\/div>\n\t\t<\/div>\n\t\t\t\t\t<\/div>\n\t\t<\/section>\n\t\t\t\t<section class=\"elementor-section elementor-top-section elementor-element elementor-element-b24d1ce elementor-section-boxed elementor-section-height-default elementor-section-height-default\" data-id=\"b24d1ce\" data-element_type=\"section\">\n\t\t\t\t\t\t<div class=\"elementor-container elementor-column-gap-default\">\n\t\t\t\t\t<div class=\"elementor-column elementor-col-100 elementor-top-column elementor-element elementor-element-2f37be0\" data-id=\"2f37be0\" data-element_type=\"column\">\n\t\t\t<div class=\"elementor-widget-wrap elementor-element-populated\">\n\t\t\t\t\t\t<div class=\"elementor-element elementor-element-b5361e0 elementor-button-success elementor-align-center elementor-widget elementor-widget-button\" data-id=\"b5361e0\" data-element_type=\"widget\" data-widget_type=\"button.default\">\n\t\t\t\t<div class=\"elementor-widget-container\">\n\t\t\t\t\t\t\t\t\t<div class=\"elementor-button-wrapper\">\n\t\t\t\t\t<a class=\"elementor-button elementor-button-link elementor-size-sm\" href=\"https:\/\/akswataha.pl\/index.php\/kontakt\/\">\n\t\t\t\t\t\t<span class=\"elementor-button-content-wrapper\">\n\t\t\t\t\t\t\t\t\t<span class=\"elementor-button-text\">Do\u0142\u0105cz do nas<\/span>\n\t\t\t\t\t<\/span>\n\t\t\t\t\t<\/a>\n\t\t\t\t<\/div>\n\t\t\t\t\t\t\t\t<\/div>\n\t\t\t\t<\/div>\n\t\t\t\t\t<\/div>\n\t\t<\/div>\n\t\t\t\t\t<\/div>\n\t\t<\/section>\n\t\t\t\t<section class=\"elementor-section elementor-top-section elementor-element elementor-element-c2066f4 elementor-section-boxed elementor-section-height-default elementor-section-height-default\" data-id=\"c2066f4\" data-element_type=\"section\">\n\t\t\t\t\t\t<div class=\"elementor-container elementor-column-gap-default\">\n\t\t\t\t\t<div class=\"elementor-column elementor-col-100 elementor-top-column elementor-element elementor-element-360b7a8\" data-id=\"360b7a8\" data-element_type=\"column\">\n\t\t\t<div class=\"elementor-widget-wrap elementor-element-populated\">\n\t\t\t\t\t\t<div class=\"elementor-element elementor-element-530f311 elementor-widget elementor-widget-image\" data-id=\"530f311\" data-element_type=\"widget\" data-widget_type=\"image.default\">\n\t\t\t\t<div class=\"elementor-widget-container\">\n\t\t\t\t\t\t\t\t\t\t\t\t\t\t\t<img fetchpriority=\"high\" decoding=\"async\" width=\"1536\" height=\"1024\" src=\"https:\/\/akswataha.pl\/wp-content\/uploads\/2026\/01\/C4114744-EBBB-4B8F-ADB5-3793CA04AC27.png\" class=\"attachment-full size-full wp-image-3030\" alt=\"\" srcset=\"https:\/\/akswataha.pl\/wp-content\/uploads\/2026\/01\/C4114744-EBBB-4B8F-ADB5-3793CA04AC27.png 1536w, https:\/\/akswataha.pl\/wp-content\/uploads\/2026\/01\/C4114744-EBBB-4B8F-ADB5-3793CA04AC27-300x200.png 300w, https:\/\/akswataha.pl\/wp-content\/uploads\/2026\/01\/C4114744-EBBB-4B8F-ADB5-3793CA04AC27-1024x683.png 1024w, https:\/\/akswataha.pl\/wp-content\/uploads\/2026\/01\/C4114744-EBBB-4B8F-ADB5-3793CA04AC27-768x512.png 768w\" sizes=\"(max-width: 1536px) 100vw, 1536px\" \/>\t\t\t\t\t\t\t\t\t\t\t\t\t\t\t<\/div>\n\t\t\t\t<\/div>\n\t\t\t\t\t<\/div>\n\t\t<\/div>\n\t\t\t\t\t<\/div>\n\t\t<\/section>\n\t\t\t\t<\/div>\n\t\t","protected":false},"excerpt":{"rendered":"<p>Klub, kt\u00f3ry nap\u0119dza do dzia\u0142ania. Do\u0142\u0105cz do klubu, kt\u00f3ry motywuje, wspiera i pomaga przekracza\u0107 w\u0142asne granice. \u201eJedyn\u0105 osob\u0105, kt\u00f3ra mo\u017ce ci\u0119 zmotywowa\u0107 jeste\u015b ty sam! Do\u0142\u0105cz do nas<\/p>\n","protected":false},"author":1,"featured_media":0,"parent":0,"menu_order":0,"comment_status":"closed","ping_status":"closed","template":"","meta":{"footnotes":""},"class_list":["post-2969","page","type-page","status-publish","hentry"],"_links":{"self":[{"href":"https:\/\/akswataha.pl\/index.php\/wp-json\/wp\/v2\/pages\/2969","targetHints":{"allow":["GET"]}}],"collection":[{"href":"https:\/\/akswataha.pl\/index.php\/wp-json\/wp\/v2\/pages"}],"about":[{"href":"https:\/\/akswataha.pl\/index.php\/wp-json\/wp\/v2\/types\/page"}],"author":[{"embeddable":true,"href":"https:\/\/akswataha.pl\/index.php\/wp-json\/wp\/v2\/users\/1"}],"replies":[{"embeddable":true,"href":"https:\/\/akswataha.pl\/index.php\/wp-json\/wp\/v2\/comments?post=2969"}],"version-history":[{"count":28,"href":"https:\/\/akswataha.pl\/index.php\/wp-json\/wp\/v2\/pages\/2969\/revisions"}],"predecessor-version":[{"id":3061,"href":"https:\/\/akswataha.pl\/index.php\/wp-json\/wp\/v2\/pages\/2969\/revisions\/3061"}],"wp:attachment":[{"href":"https:\/\/akswataha.pl\/index.php\/wp-json\/wp\/v2\/media?parent=2969"}],"curies":[{"name":"wp","href":"https:\/\/api.w.org\/{rel}","templated":true}]}}