{"id":99,"date":"2022-09-17T12:16:38","date_gmt":"2022-09-17T10:16:38","guid":{"rendered":"https:\/\/akswataha.pl\/index.php\/contact-us\/"},"modified":"2025-09-19T20:53:59","modified_gmt":"2025-09-19T18:53:59","slug":"kontakt","status":"publish","type":"page","link":"https:\/\/akswataha.pl\/index.php\/kontakt\/","title":{"rendered":"Kontakt"},"content":{"rendered":"\t\t<div data-elementor-type=\"wp-page\" data-elementor-id=\"99\" class=\"elementor elementor-99\">\n\t\t\t\t\t\t<section class=\"elementor-section elementor-top-section elementor-element elementor-element-2aaf8fb elementor-section-boxed elementor-section-height-default elementor-section-height-default\" data-id=\"2aaf8fb\" data-element_type=\"section\">\n\t\t\t\t\t\t<div class=\"elementor-container elementor-column-gap-default\">\n\t\t\t\t\t<div class=\"elementor-column elementor-col-100 elementor-top-column elementor-element elementor-element-a17a7a1\" data-id=\"a17a7a1\" data-element_type=\"column\">\n\t\t\t<div class=\"elementor-widget-wrap elementor-element-populated\">\n\t\t\t\t\t\t<div class=\"elementor-element elementor-element-50ae8c6 elementor-widget elementor-widget-text-editor\" data-id=\"50ae8c6\" data-element_type=\"widget\" data-widget_type=\"text-editor.default\">\n\t\t\t\t<div class=\"elementor-widget-container\">\n\t\t\t\t\t\t\t\t\t<h2 style=\"text-align: center;\">Kontakt<\/h2>\t\t\t\t\t\t\t\t<\/div>\n\t\t\t\t<\/div>\n\t\t\t\t\t<\/div>\n\t\t<\/div>\n\t\t\t\t\t<\/div>\n\t\t<\/section>\n\t\t\t\t<section class=\"elementor-section elementor-top-section elementor-element elementor-element-d4f7820 elementor-section-boxed elementor-section-height-default elementor-section-height-default\" data-id=\"d4f7820\" data-element_type=\"section\">\n\t\t\t\t\t\t<div class=\"elementor-container elementor-column-gap-default\">\n\t\t\t\t\t<div class=\"elementor-column elementor-col-100 elementor-top-column elementor-element elementor-element-5f7c6e5\" data-id=\"5f7c6e5\" data-element_type=\"column\">\n\t\t\t<div class=\"elementor-widget-wrap elementor-element-populated\">\n\t\t\t\t\t\t<div class=\"elementor-element elementor-element-5dfa85b elementor-widget elementor-widget-text-editor\" data-id=\"5dfa85b\" data-element_type=\"widget\" data-widget_type=\"text-editor.default\">\n\t\t\t\t<div class=\"elementor-widget-container\">\n\t\t\t\t\t\t\t\t\t<p style=\"text-align: center;\">Chcesz nas pozna\u0107? Obserwuj nasze social media, tam znajdziesz aktualne informacje o otwartych treningach i trwaj\u0105cych naborach.<\/p>\t\t\t\t\t\t\t\t<\/div>\n\t\t\t\t<\/div>\n\t\t\t\t\t<\/div>\n\t\t<\/div>\n\t\t\t\t\t<\/div>\n\t\t<\/section>\n\t\t\t\t<section class=\"elementor-section elementor-top-section elementor-element elementor-element-36ebec3 elementor-section-boxed elementor-section-height-default elementor-section-height-default\" data-id=\"36ebec3\" data-element_type=\"section\">\n\t\t\t\t\t\t<div class=\"elementor-container elementor-column-gap-default\">\n\t\t\t\t\t<div class=\"elementor-column elementor-col-100 elementor-top-column elementor-element elementor-element-931f0e4\" data-id=\"931f0e4\" data-element_type=\"column\">\n\t\t\t<div class=\"elementor-widget-wrap elementor-element-populated\">\n\t\t\t\t\t\t<div class=\"elementor-element elementor-element-f25f041 elementor-view-default elementor-widget elementor-widget-icon\" data-id=\"f25f041\" data-element_type=\"widget\" data-widget_type=\"icon.default\">\n\t\t\t\t<div class=\"elementor-widget-container\">\n\t\t\t\t\t\t\t<div class=\"elementor-icon-wrapper\">\n\t\t\t<a class=\"elementor-icon elementor-animation-pulse\" href=\"https:\/\/facebook.com\/akswatahapabianice\" target=\"_blank\">\n\t\t\t<i aria-hidden=\"true\" class=\"fab fa-facebook-square\"><\/i>\t\t\t<\/a>\n\t\t<\/div>\n\t\t\t\t\t\t<\/div>\n\t\t\t\t<\/div>\n\t\t\t\t<div class=\"elementor-element elementor-element-2177b94 elementor-view-default elementor-widget elementor-widget-icon\" data-id=\"2177b94\" data-element_type=\"widget\" data-widget_type=\"icon.default\">\n\t\t\t\t<div class=\"elementor-widget-container\">\n\t\t\t\t\t\t\t<div class=\"elementor-icon-wrapper\">\n\t\t\t<a class=\"elementor-icon elementor-animation-pulse\" href=\"https:\/\/instagram.com\/akswatahapabianice\" target=\"_blank\">\n\t\t\t<i aria-hidden=\"true\" class=\"fab fa-instagram\"><\/i>\t\t\t<\/a>\n\t\t<\/div>\n\t\t\t\t\t\t<\/div>\n\t\t\t\t<\/div>\n\t\t\t\t\t<\/div>\n\t\t<\/div>\n\t\t\t\t\t<\/div>\n\t\t<\/section>\n\t\t\t\t<section class=\"elementor-section elementor-top-section elementor-element elementor-element-2cdde7d elementor-section-boxed elementor-section-height-default elementor-section-height-default\" data-id=\"2cdde7d\" data-element_type=\"section\">\n\t\t\t\t\t\t<div class=\"elementor-container elementor-column-gap-default\">\n\t\t\t\t\t<div class=\"elementor-column elementor-col-100 elementor-top-column elementor-element elementor-element-3d3b36e\" data-id=\"3d3b36e\" data-element_type=\"column\">\n\t\t\t<div class=\"elementor-widget-wrap elementor-element-populated\">\n\t\t\t\t\t\t<div class=\"elementor-element elementor-element-1cc326f elementor-widget-divider--view-line elementor-widget elementor-widget-divider\" data-id=\"1cc326f\" data-element_type=\"widget\" data-widget_type=\"divider.default\">\n\t\t\t\t<div class=\"elementor-widget-container\">\n\t\t\t\t\t\t\t<div class=\"elementor-divider\">\n\t\t\t<span class=\"elementor-divider-separator\">\n\t\t\t\t\t\t<\/span>\n\t\t<\/div>\n\t\t\t\t\t\t<\/div>\n\t\t\t\t<\/div>\n\t\t\t\t\t<\/div>\n\t\t<\/div>\n\t\t\t\t\t<\/div>\n\t\t<\/section>\n\t\t\t\t<section class=\"elementor-section elementor-top-section elementor-element elementor-element-0198b3e elementor-section-boxed elementor-section-height-default elementor-section-height-default\" data-id=\"0198b3e\" data-element_type=\"section\">\n\t\t\t\t\t\t<div class=\"elementor-container elementor-column-gap-default\">\n\t\t\t\t\t<div class=\"elementor-column elementor-col-100 elementor-top-column elementor-element elementor-element-5aa0690\" data-id=\"5aa0690\" data-element_type=\"column\">\n\t\t\t<div class=\"elementor-widget-wrap elementor-element-populated\">\n\t\t\t\t\t\t<div class=\"elementor-element elementor-element-a93a09c elementor-widget elementor-widget-text-editor\" data-id=\"a93a09c\" data-element_type=\"widget\" data-widget_type=\"text-editor.default\">\n\t\t\t\t<div class=\"elementor-widget-container\">\n\t\t\t\t\t\t\t\t\t<p style=\"text-align: center;\">Masz pytania? Odpowiedzi na nie znajdziesz w zak\u0142adce <strong><span style=\"color: #ff0000;\"><a style=\"color: #ff0000;\" href=\"https:\/\/akswataha.pl\/index.php\/faq\/\" target=\"_blank\" rel=\"noopener\">FAQ<\/a>.<\/span><\/strong><\/p><p style=\"text-align: center;\">Mo\u017cesz te\u017c do nas napisa\u0107 na:\u00a0<span style=\"color: #ff0000;\"><strong>wataha.pabianice(a)gmail.com<\/strong><\/span><\/p>\t\t\t\t\t\t\t\t<\/div>\n\t\t\t\t<\/div>\n\t\t\t\t\t<\/div>\n\t\t<\/div>\n\t\t\t\t\t<\/div>\n\t\t<\/section>\n\t\t\t\t<section class=\"elementor-section elementor-top-section elementor-element elementor-element-1844832 elementor-section-boxed elementor-section-height-default elementor-section-height-default\" data-id=\"1844832\" data-element_type=\"section\">\n\t\t\t\t\t\t<div class=\"elementor-container elementor-column-gap-default\">\n\t\t\t\t\t<div class=\"elementor-column elementor-col-100 elementor-top-column elementor-element elementor-element-ebabf2f\" data-id=\"ebabf2f\" data-element_type=\"column\">\n\t\t\t<div class=\"elementor-widget-wrap elementor-element-populated\">\n\t\t\t\t\t\t<div class=\"elementor-element elementor-element-4969630 elementor-widget-divider--view-line elementor-widget elementor-widget-divider\" data-id=\"4969630\" data-element_type=\"widget\" data-widget_type=\"divider.default\">\n\t\t\t\t<div class=\"elementor-widget-container\">\n\t\t\t\t\t\t\t<div class=\"elementor-divider\">\n\t\t\t<span class=\"elementor-divider-separator\">\n\t\t\t\t\t\t<\/span>\n\t\t<\/div>\n\t\t\t\t\t\t<\/div>\n\t\t\t\t<\/div>\n\t\t\t\t\t<\/div>\n\t\t<\/div>\n\t\t\t\t\t<\/div>\n\t\t<\/section>\n\t\t\t\t<section class=\"elementor-section elementor-top-section elementor-element elementor-element-e5f624e elementor-section-boxed elementor-section-height-default elementor-section-height-default\" data-id=\"e5f624e\" data-element_type=\"section\">\n\t\t\t\t\t\t<div class=\"elementor-container elementor-column-gap-default\">\n\t\t\t\t\t<div class=\"elementor-column elementor-col-100 elementor-top-column elementor-element elementor-element-38bea40\" data-id=\"38bea40\" data-element_type=\"column\">\n\t\t\t<div class=\"elementor-widget-wrap elementor-element-populated\">\n\t\t\t\t\t\t<div class=\"elementor-element elementor-element-3475453 elementor-widget elementor-widget-text-editor\" data-id=\"3475453\" data-element_type=\"widget\" data-widget_type=\"text-editor.default\">\n\t\t\t\t<div class=\"elementor-widget-container\">\n\t\t\t\t\t\t\t\t\t<p style=\"text-align: center;\"><strong>Amatorski Klub Sportowy Wataha Pabianice<\/strong><\/p><p style=\"text-align: center;\"><strong>&#8220;AKS Wataha Pabianice&#8221;<\/strong><\/p><p style=\"text-align: center;\"><strong>REGON:<\/strong> 521909419<\/p><p style=\"text-align: center;\"><strong>NIP:<\/strong> 7312076488<\/p>\t\t\t\t\t\t\t\t<\/div>\n\t\t\t\t<\/div>\n\t\t\t\t\t<\/div>\n\t\t<\/div>\n\t\t\t\t\t<\/div>\n\t\t<\/section>\n\t\t\t\t<section class=\"elementor-section elementor-top-section elementor-element elementor-element-22c8f05 elementor-section-boxed elementor-section-height-default elementor-section-height-default\" data-id=\"22c8f05\" data-element_type=\"section\">\n\t\t\t\t\t\t<div class=\"elementor-container elementor-column-gap-default\">\n\t\t\t\t\t<div class=\"elementor-column elementor-col-100 elementor-top-column elementor-element elementor-element-cd38c0b\" data-id=\"cd38c0b\" data-element_type=\"column\">\n\t\t\t<div class=\"elementor-widget-wrap elementor-element-populated\">\n\t\t\t\t\t\t<div class=\"elementor-element elementor-element-37657fe elementor-view-default elementor-widget elementor-widget-icon\" data-id=\"37657fe\" data-element_type=\"widget\" data-widget_type=\"icon.default\">\n\t\t\t\t<div class=\"elementor-widget-container\">\n\t\t\t\t\t\t\t<div class=\"elementor-icon-wrapper\">\n\t\t\t<div class=\"elementor-icon\">\n\t\t\t<i aria-hidden=\"true\" class=\"fas fa-mail-bulk\"><\/i>\t\t\t<\/div>\n\t\t<\/div>\n\t\t\t\t\t\t<\/div>\n\t\t\t\t<\/div>\n\t\t\t\t\t<\/div>\n\t\t<\/div>\n\t\t\t\t\t<\/div>\n\t\t<\/section>\n\t\t\t\t<section class=\"elementor-section elementor-top-section elementor-element elementor-element-232b5e5 elementor-section-boxed elementor-section-height-default elementor-section-height-default\" data-id=\"232b5e5\" data-element_type=\"section\">\n\t\t\t\t\t\t<div class=\"elementor-container elementor-column-gap-default\">\n\t\t\t\t\t<div class=\"elementor-column elementor-col-100 elementor-top-column elementor-element elementor-element-0c936e9\" data-id=\"0c936e9\" data-element_type=\"column\">\n\t\t\t<div class=\"elementor-widget-wrap elementor-element-populated\">\n\t\t\t\t\t\t<div class=\"elementor-element elementor-element-608b617 elementor-widget elementor-widget-text-editor\" data-id=\"608b617\" data-element_type=\"widget\" data-widget_type=\"text-editor.default\">\n\t\t\t\t<div class=\"elementor-widget-container\">\n\t\t\t\t\t\t\t\t\t<p style=\"text-align: center;\"><b>Email:<\/b>\u00a0<span style=\"color: #ff0000;\">wataha.pabianice(a)gmail.com<\/span><\/p><p style=\"text-align: center;\"><b>Telefon:<\/b>\u00a0<span style=\"color: #ff0000;\">Jeszcze nie mamy ale mo\u017ce kiedy\u015b&#8230;<\/span><\/p><p style=\"text-align: center;\"><b>Facebook: <\/b><span style=\"color: #ff0000;\"><a style=\"color: #ff0000;\" href=\"https:\/\/facebook.com\/akswatahapabianice\" target=\"_blank\" rel=\"noopener\">facebook.com\/akswatahapabianice<\/a><\/span><\/p><p style=\"text-align: center;\"><b>Instagram:\u00a0<\/b><span style=\"color: #ff0000;\"><a style=\"color: #ff0000;\" href=\"https:\/\/instagram.com\/akswatahapabianice\" target=\"_blank\" rel=\"noopener\">Instagram.com\/akswatahapabianice<\/a><\/span><\/p>\t\t\t\t\t\t\t\t<\/div>\n\t\t\t\t<\/div>\n\t\t\t\t\t<\/div>\n\t\t<\/div>\n\t\t\t\t\t<\/div>\n\t\t<\/section>\n\t\t\t\t<section class=\"elementor-section elementor-top-section elementor-element elementor-element-f495780 elementor-section-boxed elementor-section-height-default elementor-section-height-default\" data-id=\"f495780\" data-element_type=\"section\">\n\t\t\t\t\t\t<div class=\"elementor-container elementor-column-gap-default\">\n\t\t\t\t\t<div class=\"elementor-column elementor-col-50 elementor-top-column elementor-element elementor-element-62f8921\" data-id=\"62f8921\" data-element_type=\"column\">\n\t\t\t<div class=\"elementor-widget-wrap\">\n\t\t\t\t\t\t\t<\/div>\n\t\t<\/div>\n\t\t\t\t<div class=\"elementor-column elementor-col-50 elementor-top-column elementor-element elementor-element-218ca5d\" data-id=\"218ca5d\" data-element_type=\"column\">\n\t\t\t<div class=\"elementor-widget-wrap\">\n\t\t\t\t\t\t\t<\/div>\n\t\t<\/div>\n\t\t\t\t\t<\/div>\n\t\t<\/section>\n\t\t\t\t<\/div>\n\t\t","protected":false},"excerpt":{"rendered":"<p>Kontakt Chcesz nas pozna\u0107? Obserwuj nasze social media, tam znajdziesz aktualne informacje o otwartych treningach i trwaj\u0105cych naborach. Masz pytania? Odpowiedzi na nie znajdziesz w zak\u0142adce FAQ. Mo\u017cesz te\u017c do nas napisa\u0107 na:\u00a0wataha.pabianice(a)gmail.com Amatorski Klub Sportowy Wataha Pabianice &#8220;AKS Wataha Pabianice&#8221; REGON: 521909419 NIP: 7312076488 Email:\u00a0wataha.pabianice(a)gmail.com Telefon:\u00a0Jeszcze nie mamy ale mo\u017ce kiedy\u015b&#8230; Facebook: facebook.com\/akswatahapabianice Instagram:\u00a0Instagram.com\/akswatahapabianice<\/p>\n","protected":false},"author":1,"featured_media":0,"parent":0,"menu_order":0,"comment_status":"closed","ping_status":"closed","template":"elementor_header_footer","meta":{"footnotes":""},"class_list":["post-99","page","type-page","status-publish","hentry"],"_links":{"self":[{"href":"https:\/\/akswataha.pl\/index.php\/wp-json\/wp\/v2\/pages\/99","targetHints":{"allow":["GET"]}}],"collection":[{"href":"https:\/\/akswataha.pl\/index.php\/wp-json\/wp\/v2\/pages"}],"about":[{"href":"https:\/\/akswataha.pl\/index.php\/wp-json\/wp\/v2\/types\/page"}],"author":[{"embeddable":true,"href":"https:\/\/akswataha.pl\/index.php\/wp-json\/wp\/v2\/users\/1"}],"replies":[{"embeddable":true,"href":"https:\/\/akswataha.pl\/index.php\/wp-json\/wp\/v2\/comments?post=99"}],"version-history":[{"count":193,"href":"https:\/\/akswataha.pl\/index.php\/wp-json\/wp\/v2\/pages\/99\/revisions"}],"predecessor-version":[{"id":2604,"href":"https:\/\/akswataha.pl\/index.php\/wp-json\/wp\/v2\/pages\/99\/revisions\/2604"}],"wp:attachment":[{"href":"https:\/\/akswataha.pl\/index.php\/wp-json\/wp\/v2\/media?parent=99"}],"curies":[{"name":"wp","href":"https:\/\/api.w.org\/{rel}","templated":true}]}}